{"id":6028,"date":"2022-11-30T16:05:18","date_gmt":"2022-11-30T15:05:18","guid":{"rendered":"https:\/\/www.sitnskate.de\/wir-stellen-uns-vor\/team"},"modified":"2023-06-02T17:46:02","modified_gmt":"2023-06-02T15:46:02","slug":"team","status":"publish","type":"page","link":"https:\/\/www.sitnskate.de\/ls\/wir-stellen-uns-vor\/team","title":{"rendered":"Team"},"content":{"rendered":"\n<div class=\"wp-block-group alignfull is-style-abrisskante_unten has-rosa-background-color has-background\"><div class=\"wp-block-group__inner-container is-layout-constrained wp-block-group-is-layout-constrained\"><div class=\"freie-illu-outer-container\"><div class=\"freie-illu\" style=\"width:190px; left:33%; top:-50px\"><img loading=\"lazy\" decoding=\"async\" width=\"300\" height=\"250\" src=\"https:\/\/www.sitnskate.de\/wp-content\/uploads\/2022\/10\/skull-300x250.png\" class=\"attachment-medium size-medium\" alt=\"\" style=\"transform:rotate(-180deg)\" srcset=\"https:\/\/www.sitnskate.de\/wp-content\/uploads\/2022\/10\/skull-300x250.png 300w, https:\/\/www.sitnskate.de\/wp-content\/uploads\/2022\/10\/skull-1024x852.png 1024w, https:\/\/www.sitnskate.de\/wp-content\/uploads\/2022\/10\/skull-768x639.png 768w, https:\/\/www.sitnskate.de\/wp-content\/uploads\/2022\/10\/skull-1536x1278.png 1536w, https:\/\/www.sitnskate.de\/wp-content\/uploads\/2022\/10\/skull.png 2000w\" sizes=\"auto, (max-width: 300px) 100vw, 300px\" \/><\/div><\/div>\n\n\n<h1 class=\"has-text-align-center is-style-font-anchor wp-block-heading\">TEAM<\/h1>\n\n\n<div class=\"freie-illu-outer-container\"><div class=\"freie-illu\" style=\"width:30px; left:85%; top:-70px\"><img loading=\"lazy\" decoding=\"async\" width=\"290\" height=\"300\" src=\"https:\/\/www.sitnskate.de\/wp-content\/uploads\/2022\/10\/small-wheel-2-290x300.png\" class=\"attachment-medium size-medium\" alt=\"\" style=\"transform:rotate(-177deg)\" srcset=\"https:\/\/www.sitnskate.de\/wp-content\/uploads\/2022\/10\/small-wheel-2-290x300.png 290w, https:\/\/www.sitnskate.de\/wp-content\/uploads\/2022\/10\/small-wheel-2-991x1024.png 991w, https:\/\/www.sitnskate.de\/wp-content\/uploads\/2022\/10\/small-wheel-2-768x794.png 768w, https:\/\/www.sitnskate.de\/wp-content\/uploads\/2022\/10\/small-wheel-2-1486x1536.png 1486w, https:\/\/www.sitnskate.de\/wp-content\/uploads\/2022\/10\/small-wheel-2-1982x2048.png 1982w, https:\/\/www.sitnskate.de\/wp-content\/uploads\/2022\/10\/small-wheel-2.png 2000w\" sizes=\"auto, (max-width: 290px) 100vw, 290px\" \/><\/div><\/div>\n\n<div class=\"freie-illu-outer-container\"><div class=\"freie-illu\" style=\"width:170px; left:67%; top:-70px\"><img loading=\"lazy\" decoding=\"async\" width=\"297\" height=\"300\" src=\"https:\/\/www.sitnskate.de\/wp-content\/uploads\/2022\/12\/wheel-297x300.png\" class=\"attachment-medium size-medium\" alt=\"\" style=\"transform:rotate(-177deg)\" srcset=\"https:\/\/www.sitnskate.de\/wp-content\/uploads\/2022\/12\/wheel-297x300.png 297w, https:\/\/www.sitnskate.de\/wp-content\/uploads\/2022\/12\/wheel-1012x1024.png 1012w, https:\/\/www.sitnskate.de\/wp-content\/uploads\/2022\/12\/wheel-768x777.png 768w, https:\/\/www.sitnskate.de\/wp-content\/uploads\/2022\/12\/wheel-1519x1536.png 1519w, https:\/\/www.sitnskate.de\/wp-content\/uploads\/2022\/12\/wheel.png 2000w\" sizes=\"auto, (max-width: 297px) 100vw, 297px\" \/><\/div><\/div><\/div><\/div>\n\n<div class=\"wp-block-columns is-layout-flex wp-container-core-columns-is-layout-9d6595d7 wp-block-columns-is-layout-flex\">\n<div class=\"wp-block-column is-layout-flow wp-block-column-is-layout-flow\">\n<h3 class=\"wp-block-heading\">Lisa Lebuser<\/h3>\n\n\n\n<figure class=\"wp-block-image size-large\"><img decoding=\"async\" src=\"https:\/\/www.sitnskate.de\/wp-content\/uploads\/2022\/10\/Mairhofer_20200521_Lisa-Schmidt_104-edited.jpg\" alt=\"Foto von Lisa Lebuser\" class=\"wp-image-3379\"\/><\/figure>\n\n\n\n<p>Lisa macht den kreativen Teil. Das bedeutet: Sie k\u00fcmmert sich um unsere Videos. Zum Beispiel macht sie die Videos. Sie redet mit den Teilnehmern und den Eltern. Sie m\u00f6chte, dass alle miteinander sprechen. <\/p>\n\n\n\n<p>Mit-Gr\u00fcnderin SIT&#8217;N&#8217;SKATE<br \/>Lisa hat den Abschluss in Psychologie.<br \/>Lisa h\u00e4lt Vortr\u00e4ge. Und Lisa ist Aktivistin. Sie setzt sich f\u00fcr Inklusion ein.<\/p>\n\n\n\n<p><strong>Einsatzorte:<\/strong> Hamburg, Online<\/p>\n\n\n\n<p><strong>Sportliche Erfolge:<\/strong><br \/>2019 &#8211; 4. Platz Rollstuhl Skate Weltmeisterschafter bei den Frauen<br \/>2018 &#8211; Deutsche Meisterin Rollstuhl Skaten Frauen<br \/>2018 &#8211; 3. Platz Internationalen German WCMX Championships<br \/>2017 &#8211; 3. Platz Rollstuhl Skate Weltmeisterschaften Frauen<\/p>\n<\/div>\n\n\n\n<div class=\"wp-block-column is-layout-flow wp-block-column-is-layout-flow\">\n<h3 class=\"wp-block-heading\">David Lebuser<\/h3>\n\n\n\n<figure class=\"wp-block-image size-large\"><img loading=\"lazy\" decoding=\"async\" width=\"2048\" height=\"1364\" src=\"https:\/\/www.sitnskate.de\/wp-content\/uploads\/2022\/10\/d2362b51-2083-419b-b761-c86732ac445c-edited.jpg\" alt=\"Foto von David Lebuser\" class=\"wp-image-3361\" srcset=\"https:\/\/www.sitnskate.de\/wp-content\/uploads\/2022\/10\/d2362b51-2083-419b-b761-c86732ac445c-edited.jpg 2048w, https:\/\/www.sitnskate.de\/wp-content\/uploads\/2022\/10\/d2362b51-2083-419b-b761-c86732ac445c-edited-300x200.jpg 300w, https:\/\/www.sitnskate.de\/wp-content\/uploads\/2022\/10\/d2362b51-2083-419b-b761-c86732ac445c-edited-1024x682.jpg 1024w, https:\/\/www.sitnskate.de\/wp-content\/uploads\/2022\/10\/d2362b51-2083-419b-b761-c86732ac445c-edited-768x512.jpg 768w, https:\/\/www.sitnskate.de\/wp-content\/uploads\/2022\/10\/d2362b51-2083-419b-b761-c86732ac445c-edited-1536x1023.jpg 1536w\" sizes=\"auto, (max-width: 2048px) 100vw, 2048px\" \/><\/figure>\n\n\n\n<p>David ist ein Skate-Profi. Er ist einer unserer Trainer. Er hilft bei dem Sport-Teil von SIT&#8217;N&#8217;SKATE. Er ist ein bekanntes Gesicht. Er ist wichtig f\u00fcr die Gruppe. Er redet viel mit den Leuten. Zum Beispiel mit Teilnehmern, Partnern und Geld-Gebern.<\/p>\n\n\n\n<p>Mit-Gr\u00fcnder von SIT&#8217;N&#8217;SKATE<br \/>\u00dcbungs-Leiter Reha-Sport<br \/>David m\u00f6chte, dass alle Menschen gut miteinander leben k\u00f6nnen. Das nennt man Inklusion.<\/p>\n\n\n\n<p><strong>Einsatzorte:<\/strong> Hamburg, Bremen, Hannover, Online<\/p>\n\n\n\n<p><strong>Sportliche Erfolge (Auswahl): <\/strong><br \/>2018+2019 &#8211; Deutscher Meister Rollstuhl Skaten<br \/>2018 &#8211; 3. Platz Internationalen German WCMX Championships<br \/>2017 &#8211; 3. Platz Rollstuhl Skate Weltmeisterschaften <br \/>2014 &#8211; 1. Platz Life Rolls On, Venice Beach<\/p>\n<\/div>\n<\/div>\n\n<div class=\"wp-block-columns is-layout-flex wp-container-core-columns-is-layout-9d6595d7 wp-block-columns-is-layout-flex\">\n<div class=\"wp-block-column is-layout-flow wp-block-column-is-layout-flow\">\n<h3 class=\"wp-block-heading\">Bj\u00f6rn-Patrick Meyer<\/h3>\n\n\n\n<figure class=\"wp-block-image size-full\"><img loading=\"lazy\" decoding=\"async\" width=\"882\" height=\"587\" src=\"https:\/\/www.sitnskate.de\/wp-content\/uploads\/2022\/10\/bjoern-patrick-meyer-edited.jpg\" alt=\"Foto von Bj&#xF6;rn-Patrick Meyer\" class=\"wp-image-3346\" srcset=\"https:\/\/www.sitnskate.de\/wp-content\/uploads\/2022\/10\/bjoern-patrick-meyer-edited.jpg 882w, https:\/\/www.sitnskate.de\/wp-content\/uploads\/2022\/10\/bjoern-patrick-meyer-edited-300x200.jpg 300w, https:\/\/www.sitnskate.de\/wp-content\/uploads\/2022\/10\/bjoern-patrick-meyer-edited-768x511.jpg 768w\" sizes=\"auto, (max-width: 882px) 100vw, 882px\" \/><\/figure>\n\n\n\n<p>Bj\u00f6rn-Patrick kennt sich gut mit Rollstuhl-Skaten aus. Er hat mit anderen zusammen ein Treffen in Hamburg gemacht. Das Treffen ist f\u00fcr Menschen, die WCMX machen. WCMX ist Skaten mit dem Rollstuhl. Das Treffen findet im Ackerpoolco statt. Das ist ein Ort in Hamburg. Er ist Trainer. Er ist oft in Hamburg. Er geht zu vielen Veranstaltungen. In Hamburg, Bremen und Hannover. <\/p>\n\n\n\n<p>Rollstuhl Skate Trainer<\/p>\n\n\n\n<p><strong>Einsatzorte:<\/strong> Hamburg, Bremen, Hannover<\/p>\n\n\n\n<p><strong>Sportliche Erfolge (Auswahl): <\/strong><br \/>2019 &#8211; 3. Platz Deutsche Rollstuhl Skate Meisterschaften<br \/>2018 &#8211; 4 Platz Internationale Deutsche Rollstuhl Skate Meisterschaften<br \/>2018 &#8211; 2. Platz Deutsche Rollstuhl Skate Meisterschaften<br \/>2016 &#8211; 6. Platz Rollstuhl Skate Weltmeisterschaften Kategorie Fortgeschschritten<\/p>\n<\/div>\n\n\n\n<div class=\"wp-block-column is-layout-flow wp-block-column-is-layout-flow\">\n<h3 class=\"wp-block-heading\">Benne Bildstein<\/h3>\n\n\n\n<figure class=\"wp-block-image size-large\"><img loading=\"lazy\" decoding=\"async\" width=\"2560\" height=\"1707\" src=\"https:\/\/www.sitnskate.de\/wp-content\/uploads\/2022\/11\/Sup-N-Skate_Scharbeutz2022_196_byPascalLieleg-edited-scaled.jpg\" alt=\"Foto von Benne Bildstein\" class=\"wp-image-3607\" srcset=\"https:\/\/www.sitnskate.de\/wp-content\/uploads\/2022\/11\/Sup-N-Skate_Scharbeutz2022_196_byPascalLieleg-edited-scaled.jpg 2560w, https:\/\/www.sitnskate.de\/wp-content\/uploads\/2022\/11\/Sup-N-Skate_Scharbeutz2022_196_byPascalLieleg-edited-300x200.jpg 300w, https:\/\/www.sitnskate.de\/wp-content\/uploads\/2022\/11\/Sup-N-Skate_Scharbeutz2022_196_byPascalLieleg-edited-1024x683.jpg 1024w, https:\/\/www.sitnskate.de\/wp-content\/uploads\/2022\/11\/Sup-N-Skate_Scharbeutz2022_196_byPascalLieleg-edited-768x512.jpg 768w, https:\/\/www.sitnskate.de\/wp-content\/uploads\/2022\/11\/Sup-N-Skate_Scharbeutz2022_196_byPascalLieleg-edited-1536x1024.jpg 1536w, https:\/\/www.sitnskate.de\/wp-content\/uploads\/2022\/11\/Sup-N-Skate_Scharbeutz2022_196_byPascalLieleg-edited-2048x1366.jpg 2048w\" sizes=\"auto, (max-width: 2560px) 100vw, 2560px\" \/><\/figure>\n\n\n\n<p>Benne ist Skateboarder. Er hilft oft bei unseren Treffen. Er schiebt Rollst\u00fchle an. Und er motiviert die Teilnehmer. Bei Angeboten zum Skateboard-Fahren f\u00fcr alle ist er dabei. Er ist Skateboard-Trainer vom Skateboard e.V. Das bedeutet: Er bringt anderen das Skateboard-Fahren bei.<\/p>\n\n\n\n<p>Skateboard Trainer<\/p>\n\n\n\n<p><strong>Einsatzorte:<\/strong> Hamburg, Hannover<\/p>\n<\/div>\n<\/div>\n\n<div class=\"wp-block-group alignfull is-style-abrisskante_beide has-blau-background-color has-background\"><div class=\"wp-block-group__inner-container is-layout-flow wp-block-group-is-layout-flow\">\n<div class=\"wp-block-columns is-layout-flex wp-container-core-columns-is-layout-9d6595d7 wp-block-columns-is-layout-flex\">\n<div class=\"wp-block-column is-layout-flow wp-block-column-is-layout-flow\">\n<h3 class=\"wp-block-heading\">Simone Wachowiak<\/h3>\n\n\n\n<figure class=\"wp-block-image size-full\"><img loading=\"lazy\" decoding=\"async\" width=\"957\" height=\"638\" src=\"https:\/\/www.sitnskate.de\/wp-content\/uploads\/2022\/10\/simone-wachowiak-e-rollstuhlfahrerin-mit-brille-piercings-und-bunten-haaren-edited.jpg\" alt=\"Foto von Simone Wachowiak\" class=\"wp-image-3336\" srcset=\"https:\/\/www.sitnskate.de\/wp-content\/uploads\/2022\/10\/simone-wachowiak-e-rollstuhlfahrerin-mit-brille-piercings-und-bunten-haaren-edited.jpg 957w, https:\/\/www.sitnskate.de\/wp-content\/uploads\/2022\/10\/simone-wachowiak-e-rollstuhlfahrerin-mit-brille-piercings-und-bunten-haaren-edited-300x200.jpg 300w, https:\/\/www.sitnskate.de\/wp-content\/uploads\/2022\/10\/simone-wachowiak-e-rollstuhlfahrerin-mit-brille-piercings-und-bunten-haaren-edited-768x512.jpg 768w\" sizes=\"auto, (max-width: 957px) 100vw, 957px\" \/><\/figure>\n\n\n\n<p>Simone ist in Dortmund. Sie ist bei den Skate-Treffen. Dort macht sie die Organisation. Sie spricht mit den Teilnehmern, Begleitern und Eltern. Sie ist f\u00fcr den Schutz von Kindern zust\u00e4ndig. Sie h\u00f6rt den Teilnehmern und ihren Familien immer gut zu. Zusammen mit Flo macht sie noch mehr Angebote. Das ist in den Ferien. Und in den Sommer-Monaten. Es sind Treffen drau\u00dfen. Das ist in Dortmund und um Dortmund herum.<\/p>\n\n\n\n<p>Kinderschutz-Beauftragte SIT&#8217;N&#8217;SKATE <br \/>Simone arbeitet im Kindergarten.<br \/>Simone bietet Pony-Reiten an. Das Reiten ist f\u00fcr Kinder mit Behinderung. Die Kinder haben viel Spa\u00df dabei.<\/p>\n\n\n\n<p><strong>Einsatzorte:<\/strong> Dortmund<\/p>\n<\/div>\n\n\n\n<div class=\"wp-block-column is-layout-flow wp-block-column-is-layout-flow\">\n<h3 class=\"wp-block-heading\">Florian G\u00fcnther<\/h3>\n\n\n\n<figure class=\"wp-block-image size-full\"><img loading=\"lazy\" decoding=\"async\" width=\"481\" height=\"321\" src=\"https:\/\/www.sitnskate.de\/wp-content\/uploads\/2022\/10\/florian-guenther-edited-1.jpg\" alt=\"Foto von Florian G&#xFC;nther\" class=\"wp-image-3341\" srcset=\"https:\/\/www.sitnskate.de\/wp-content\/uploads\/2022\/10\/florian-guenther-edited-1.jpg 481w, https:\/\/www.sitnskate.de\/wp-content\/uploads\/2022\/10\/florian-guenther-edited-1-300x200.jpg 300w\" sizes=\"auto, (max-width: 481px) 100vw, 481px\" \/><\/figure>\n\n\n\n<p>Flo ist in Dortmund. Er ist \u00dcbungs-Leiter und Vorturner. Das bedeutet: Er hilft anderen beim Sport. Und er zeigt vor, wie die \u00dcbungen gehen. Manchmal ist er in Hannover. Bei Treffen. Und bei verschiedenen SIT&#8217;N&#8217;SKATE Veranstaltungen. Zusammen mit Simone macht er Ferien-Angebote. Die Angebote sind in und um Dortmund. Die Angebote sind zum Beispiel Ferien-Programme. Und noch andere Sachen. Falls bei euch eine Schraube nicht fest sitzt: Flo hat immer das richtige Werkzeug dabei.<\/p>\n\n\n\n<p>Rollstuhl Skate Trainer<br \/>Ton-Techniker<br \/>Mechaniker<\/p>\n\n\n\n<p><strong>Einsatzorte:<\/strong> Dortmund, Hannover<\/p>\n<\/div>\n<\/div>\n<\/div><\/div>\n\n<div class=\"wp-block-columns is-layout-flex wp-container-core-columns-is-layout-9d6595d7 wp-block-columns-is-layout-flex\">\n<div class=\"wp-block-column is-layout-flow wp-block-column-is-layout-flow\">\n<h3 class=\"wp-block-heading\">Cate Wilkening<\/h3>\n\n\n\n\n\n<p>Cate unterst\u00fctzt euch als Helferin und Motivatorin bei unseren Skate Treffen in Hannover. Sie hat lange Jahre Rollsport gemacht. Jetzt macht sie Rollsport nicht mehr. Sie hat viele blaue Flecken bekommen. Beim Rollsport passiert das oft. Jetzt bekommt sie blaue Flecken beim Surfen. Surfen ist ein anderer Sport. Cate ist Fr\u00fch-F\u00f6rderin. Und sie will Heil-P\u00e4dagogin werden. Das hei\u00dft: Cate hilft bei der Entwicklung. Sie h\u00f6rt euch gut zu. Und sie ist f\u00fcr euch da. <\/p>\n\n\n\n<p>Dipl. Diplom-Kunst-Therapeutin (FH) Das ist ein Beruf. Cate hat eine Ausbildung in Kunst-Therapie gemacht. Sie hat einen Abschluss von einer Fach-Hochschule.<br \/>Heil-P\u00e4dagogin in Ausbildung. <\/p>\n\n\n\n<p><strong>Einsatzorte:<\/strong> Hannover<\/p>\n<\/div>\n\n\n\n<div class=\"wp-block-column is-layout-flow wp-block-column-is-layout-flow\">\n<h3 class=\"wp-block-heading\">Kathrin Sid<\/h3>\n\n\n\n<figure class=\"wp-block-image size-large\"><img loading=\"lazy\" decoding=\"async\" width=\"1500\" height=\"999\" src=\"https:\/\/www.sitnskate.de\/wp-content\/uploads\/2022\/10\/9bb0a1ac-eb2b-4370-8350-79b52e28aee9-1-edited-1.jpg\" alt=\"Foto von Kathrin Sid\" class=\"wp-image-3343\" srcset=\"https:\/\/www.sitnskate.de\/wp-content\/uploads\/2022\/10\/9bb0a1ac-eb2b-4370-8350-79b52e28aee9-1-edited-1.jpg 1500w, https:\/\/www.sitnskate.de\/wp-content\/uploads\/2022\/10\/9bb0a1ac-eb2b-4370-8350-79b52e28aee9-1-edited-1-300x200.jpg 300w, https:\/\/www.sitnskate.de\/wp-content\/uploads\/2022\/10\/9bb0a1ac-eb2b-4370-8350-79b52e28aee9-1-edited-1-1024x682.jpg 1024w, https:\/\/www.sitnskate.de\/wp-content\/uploads\/2022\/10\/9bb0a1ac-eb2b-4370-8350-79b52e28aee9-1-edited-1-768x511.jpg 768w\" sizes=\"auto, (max-width: 1500px) 100vw, 1500px\" \/><\/figure>\n\n\n\n<p>Kathrin ist bei Rollstuhl-Skate-Treffen in Bremen. Sie ist auch oft an anderen Orten. Rollstuhl-Skate-Treffen sind Veranstaltungen f\u00fcr Menschen im Rollstuhl. Dort k\u00f6nnen sie gemeinsam Skaten und Spa\u00df haben. Sie skatet gerne. Das bedeutet: Sie f\u00e4hrt auf Rollen. Au\u00dferdem f\u00e4hrt sie gerne Handbike. Das ist ein Fahrrad f\u00fcr die H\u00e4nde. Sie f\u00e4hrt damit lange Strecken in der Natur. Und sie macht Musik. <\/p>\n\n\n\n<p>Klavier-Lehrerin<\/p>\n\n\n\n<p><strong>Einsatzorte:<\/strong> Bremen<\/p>\n<\/div>\n<\/div>\n\n<div class=\"wp-block-group alignfull is-style-abrisskante_beide has-blau-background-color has-background\"><div class=\"wp-block-group__inner-container is-layout-flow wp-block-group-is-layout-flow\">\n<div class=\"wp-block-columns is-layout-flex wp-container-core-columns-is-layout-9d6595d7 wp-block-columns-is-layout-flex\">\n<div class=\"wp-block-column is-layout-flow wp-block-column-is-layout-flow\">\n<h3 class=\"wp-block-heading\">Arne Kattert<\/h3>\n\n\n\n<figure class=\"wp-block-image size-full is-resized\"><img loading=\"lazy\" decoding=\"async\" src=\"https:\/\/www.sitnskate.de\/wp-content\/uploads\/2022\/10\/Unknown-3-edited.jpeg\" alt=\"Foto von Arne Kattert\" class=\"wp-image-3485\" width=\"397\" height=\"265\"\/><\/figure>\n\n\n\n<p>Arne f\u00e4hrt BMX. Das macht er schon seit 16 Jahren. Seit 10 Jahren ist Arne auch BMX Trainer. Das hei\u00dft: Er bringt anderen Leuten bei, wie man BMX f\u00e4hrt. Er hilft euch. Bei unseren Treffen und Festen in Bremen.<\/p>\n\n\n\n<p>BMX Trainer<\/p>\n\n\n\n<p><strong>Einsatzorte:<\/strong> Bremen<\/p>\n<\/div>\n\n\n\n<div class=\"wp-block-column is-layout-flow wp-block-column-is-layout-flow\">\n<h3 class=\"wp-block-heading\">Du m\u00f6chtest auch im Team sein?<\/h3>\n\n\n\n\n\n<p>Wir brauchen Hilfe. An verschiedenen Orten. Und bei besonderen Treffen. Immer wieder sind Menschen wichtig, die uns unterst\u00fctzen. Sprich uns bitte an, wenn du uns helfen m\u00f6chtest.<\/p>\n\n\n\n<p><strong>Einsatzorte:<\/strong> irgendwo<\/p>\n\n\n\n<div class=\"wp-block-buttons is-layout-flex wp-block-buttons-is-layout-flex\">\n<div class=\"wp-block-button is-style-fill\"><a class=\"wp-block-button__link has-schwarz-color has-rosa-background-color has-text-color has-background wp-element-button\" href=\"https:\/\/www.sitnskate.de\/ls\/kontakt\">Kontakt-Formular<\/a><\/div>\n<\/div>\n<\/div>\n<\/div>\n<\/div><\/div>\n\n<div style=\"height:25px\" aria-hidden=\"true\" class=\"wp-block-spacer\"><\/div>\n\n<div class=\"wp-block-columns alignwide are-vertically-aligned-center has-lila-background-color has-background is-layout-flex wp-container-core-columns-is-layout-9d6595d7 wp-block-columns-is-layout-flex\">\n<div class=\"wp-block-column is-vertically-aligned-center is-layout-flow wp-block-column-is-layout-flow\" style=\"flex-basis:25%\">\n<figure class=\"wp-block-image size-full is-resized\"><img loading=\"lazy\" decoding=\"async\" src=\"https:\/\/www.sitnskate.de\/wp-content\/uploads\/2022\/12\/teaser-ueberuns.png\" alt=\"\" class=\"wp-image-3826\" width=\"209\" height=\"209\" srcset=\"https:\/\/www.sitnskate.de\/wp-content\/uploads\/2022\/12\/teaser-ueberuns.png 834w, https:\/\/www.sitnskate.de\/wp-content\/uploads\/2022\/12\/teaser-ueberuns-300x300.png 300w, https:\/\/www.sitnskate.de\/wp-content\/uploads\/2022\/12\/teaser-ueberuns-150x150.png 150w, https:\/\/www.sitnskate.de\/wp-content\/uploads\/2022\/12\/teaser-ueberuns-768x768.png 768w\" sizes=\"auto, (max-width: 209px) 100vw, 209px\" \/><\/figure>\n<\/div>\n\n\n\n<div class=\"wp-block-column is-vertically-aligned-center is-layout-flow wp-block-column-is-layout-flow\" style=\"flex-basis:50%\">\n<h2 class=\"has-large-font-size wp-block-heading\">Erfahre mehr \u00fcber uns und unsere Vision<\/h2>\n<\/div>\n\n\n\n<div class=\"wp-block-column is-vertically-aligned-center is-layout-flow wp-block-column-is-layout-flow\" style=\"flex-basis:25%\">\n<div class=\"wp-block-buttons is-layout-flex wp-block-buttons-is-layout-flex\">\n<div class=\"wp-block-button\"><a class=\"wp-block-button__link has-schwarz-color has-rosa-background-color has-text-color has-background wp-element-button\" href=\"https:\/\/www.sitnskate.de\/ueber-uns\">\u00dcber uns<\/a><\/div>\n<\/div>\n<\/div>\n<\/div>\n","protected":false},"excerpt":{"rendered":"<p>TEAM Lisa Lebuser Lisa macht den kreativen Teil. Das bedeutet: Sie k\u00fcmmert sich um unsere Videos. Zum Beispiel macht sie die Videos. Sie redet mit den Teilnehmern und den Eltern. Sie m\u00f6chte, dass alle miteinander sprechen. Mit-Gr\u00fcnderin SIT&#8217;N&#8217;SKATELisa hat den Abschluss in Psychologie.Lisa h\u00e4lt Vortr\u00e4ge. Und Lisa ist Aktivistin. Sie setzt sich f\u00fcr Inklusion ein. [&hellip;]<\/p>\n","protected":false},"author":3,"featured_media":0,"parent":6009,"menu_order":1,"comment_status":"closed","ping_status":"closed","template":"","meta":{"_acf_changed":false,"footnotes":""},"class_list":["post-6028","page","type-page","status-publish","hentry"],"acf":[],"_links":{"self":[{"href":"https:\/\/www.sitnskate.de\/ls\/wp-json\/wp\/v2\/pages\/6028","targetHints":{"allow":["GET"]}}],"collection":[{"href":"https:\/\/www.sitnskate.de\/ls\/wp-json\/wp\/v2\/pages"}],"about":[{"href":"https:\/\/www.sitnskate.de\/ls\/wp-json\/wp\/v2\/types\/page"}],"author":[{"embeddable":true,"href":"https:\/\/www.sitnskate.de\/ls\/wp-json\/wp\/v2\/users\/3"}],"replies":[{"embeddable":true,"href":"https:\/\/www.sitnskate.de\/ls\/wp-json\/wp\/v2\/comments?post=6028"}],"version-history":[{"count":1,"href":"https:\/\/www.sitnskate.de\/ls\/wp-json\/wp\/v2\/pages\/6028\/revisions"}],"predecessor-version":[{"id":6029,"href":"https:\/\/www.sitnskate.de\/ls\/wp-json\/wp\/v2\/pages\/6028\/revisions\/6029"}],"up":[{"embeddable":true,"href":"https:\/\/www.sitnskate.de\/ls\/wp-json\/wp\/v2\/pages\/6009"}],"wp:attachment":[{"href":"https:\/\/www.sitnskate.de\/ls\/wp-json\/wp\/v2\/media?parent=6028"}],"curies":[{"name":"wp","href":"https:\/\/api.w.org\/{rel}","templated":true}]}}